{"id":5936,"date":"2022-05-31T09:42:08","date_gmt":"2022-05-31T15:42:08","guid":{"rendered":"https:\/\/catradeconsulting.com\/?page_id=5936"},"modified":"2022-07-17T19:53:45","modified_gmt":"2022-07-18T01:53:45","slug":"catrade-clasifica","status":"publish","type":"page","link":"http:\/\/catradeconsulting.com\/en\/servicios-empresariales\/catrade-clasifica\/","title":{"rendered":"CATRADE Classifies"},"content":{"rendered":"\t\t<div data-elementor-type=\"wp-page\" data-elementor-id=\"5936\" class=\"elementor elementor-5936\">\n\t\t\t\t\t\t<section class=\"elementor-section elementor-top-section elementor-element elementor-element-a0e85da elementor-section-content-middle elementor-section-boxed elementor-section-height-default elementor-section-height-default\" data-id=\"a0e85da\" data-element_type=\"section\" data-e-type=\"section\">\n\t\t\t\t\t\t<div class=\"elementor-container elementor-column-gap-default\">\n\t\t\t\t\t<div class=\"elementor-column elementor-col-50 elementor-top-column elementor-element elementor-element-8be9078\" data-id=\"8be9078\" data-element_type=\"column\" data-e-type=\"column\">\n\t\t\t<div class=\"elementor-widget-wrap elementor-element-populated\">\n\t\t\t\t\t\t<div class=\"elementor-element elementor-element-f55b122 elementor-widget__width-auto elementor-absolute elementor-widget elementor-widget-react-image\" data-id=\"f55b122\" data-element_type=\"widget\" data-e-type=\"widget\" data-settings=\"{&quot;_position&quot;:&quot;absolute&quot;}\" data-widget_type=\"react-image.default\">\n\t\t\t\t<div class=\"elementor-widget-container\">\n\t\t\t\t\t        <div class=\"react-image no\">\n                            <img decoding=\"async\" class=\"react-multi-image  image-rotate image-scale\" src=\"https:\/\/reactheme.com\/products\/wordpress\/finanix\/wp-content\/uploads\/2022\/02\/square-1.png\" alt=\"image\"\/>\n                    <\/div>\n          \n    \t\t\t\t<\/div>\n\t\t\t\t<\/div>\n\t\t\t\t<div class=\"elementor-element elementor-element-ac4fe85 elementor-widget elementor-widget-image\" data-id=\"ac4fe85\" data-element_type=\"widget\" data-e-type=\"widget\" data-widget_type=\"image.default\">\n\t\t\t\t<div class=\"elementor-widget-container\">\n\t\t\t\t\t\t\t\t\t\t\t\t\t\t\t<img fetchpriority=\"high\" decoding=\"async\" width=\"623\" height=\"563\" src=\"https:\/\/catradeconsulting.com\/wp-content\/uploads\/2022\/05\/clasifica-logo.png\" class=\"attachment-large size-large wp-image-5937\" alt=\"\" srcset=\"https:\/\/catradeconsulting.com\/wp-content\/uploads\/2022\/05\/clasifica-logo.png 623w, https:\/\/catradeconsulting.com\/wp-content\/uploads\/2022\/05\/clasifica-logo-300x271.png 300w\" sizes=\"(max-width: 623px) 100vw, 623px\" \/>\t\t\t\t\t\t\t\t\t\t\t\t\t\t\t<\/div>\n\t\t\t\t<\/div>\n\t\t\t\t\t<\/div>\n\t\t<\/div>\n\t\t\t\t<div class=\"elementor-column elementor-col-50 elementor-top-column elementor-element elementor-element-bb422c7\" data-id=\"bb422c7\" data-element_type=\"column\" data-e-type=\"column\">\n\t\t\t<div class=\"elementor-widget-wrap elementor-element-populated\">\n\t\t\t\t\t\t<div class=\"elementor-element elementor-element-077ea76 elementor-widget elementor-widget-react-heading\" data-id=\"077ea76\" data-element_type=\"widget\" data-e-type=\"widget\" data-widget_type=\"react-heading.default\">\n\t\t\t\t<div class=\"elementor-widget-container\">\n\t\t\t\t\t        <div class=\"react-heading style9\">\r\n        \t<div class=\"title-inner\">        \t\t      \t\t\r\n\t            <span class=\"sub-text \">CATRADE Clasifica<\/span><h2 class=\"title\"><span class=\"watermark\"><\/span>Clasificaci\u00f3n<br><span>Arancelaria<\/span><br>de mercanc\u00edas<\/h2><div class=\"title-img bottom-img\"><img decoding=\"async\" src=\"https:\/\/reactheme.com\/products\/wordpress\/finanix\/wp-content\/uploads\/2022\/02\/line-1.svg\" alt=\"title-image\" \/><\/div>\t        <\/div>\r\n\t                    \t<div class=\"description\">\r\n            \t\t<p>No asuma riesgos innecesarios.<\/p><p>Previo a exportar o importar, aseg\u00farese que sus mercanc\u00edas est\u00e9n correctamente clasificadas<\/p>            \t\t\r\n            \t<\/div>\r\n        \t        <\/div>\r\n        \t\t\t\t<\/div>\n\t\t\t\t<\/div>\n\t\t\t\t\t<\/div>\n\t\t<\/div>\n\t\t\t\t\t<\/div>\n\t\t<\/section>\n\t\t\t\t<section class=\"elementor-section elementor-top-section elementor-element elementor-element-43acef0 elementor-section-boxed elementor-section-height-default elementor-section-height-default\" data-id=\"43acef0\" data-element_type=\"section\" data-e-type=\"section\">\n\t\t\t\t\t\t<div class=\"elementor-container elementor-column-gap-default\">\n\t\t\t\t\t<div class=\"elementor-column elementor-col-100 elementor-top-column elementor-element elementor-element-0ab4673\" data-id=\"0ab4673\" data-element_type=\"column\" data-e-type=\"column\">\n\t\t\t<div class=\"elementor-widget-wrap elementor-element-populated\">\n\t\t\t\t\t\t<section class=\"elementor-section elementor-inner-section elementor-element elementor-element-f30a3cd elementor-section-boxed elementor-section-height-default elementor-section-height-default\" data-id=\"f30a3cd\" data-element_type=\"section\" data-e-type=\"section\" data-settings=\"{&quot;background_background&quot;:&quot;classic&quot;}\">\n\t\t\t\t\t\t<div class=\"elementor-container elementor-column-gap-default\">\n\t\t\t\t\t<div class=\"elementor-column elementor-col-100 elementor-inner-column elementor-element elementor-element-e36ebfd\" data-id=\"e36ebfd\" data-element_type=\"column\" data-e-type=\"column\">\n\t\t\t<div class=\"elementor-widget-wrap elementor-element-populated\">\n\t\t\t\t\t\t<div class=\"elementor-element elementor-element-996ccbe elementor-widget elementor-widget-image\" data-id=\"996ccbe\" data-element_type=\"widget\" data-e-type=\"widget\" data-widget_type=\"image.default\">\n\t\t\t\t<div class=\"elementor-widget-container\">\n\t\t\t\t\t\t\t\t\t\t\t\t\t\t\t<img decoding=\"async\" width=\"80\" height=\"62\" src=\"https:\/\/catradeconsulting.com\/wp-content\/uploads\/2022\/03\/quote-sm.png\" class=\"attachment-large size-large wp-image-3029\" alt=\"\" \/>\t\t\t\t\t\t\t\t\t\t\t\t\t\t\t<\/div>\n\t\t\t\t<\/div>\n\t\t\t\t<div class=\"elementor-element elementor-element-ace08ae elementor-widget elementor-widget-testimonial\" data-id=\"ace08ae\" data-element_type=\"widget\" data-e-type=\"widget\" data-widget_type=\"testimonial.default\">\n\t\t\t\t<div class=\"elementor-widget-container\">\n\t\t\t\t\t\t\t<div class=\"elementor-testimonial-wrapper\">\n\t\t\t\t\t\t\t<div class=\"elementor-testimonial-content\">\u201c[El Sistema Armonizado (SA)] Tambi\u00e9n se usa ampliamente por los gobiernos, las organizaciones internacionales y el sector privado para muchos otros prop\u00f3sitos, tales como impuestos internos, pol\u00edticas comerciales, monitoreo de productos sometidos a control, normas de origen, tarifas de transporte de mercanc\u00edas, estad\u00edsticas de transporte, monitoreo de precios, controles de cuotas, [ ... ] .\"<\/div>\n\t\t\t\n\t\t\t\t\t\t<div class=\"elementor-testimonial-meta elementor-has-image elementor-testimonial-image-position-aside\">\n\t\t\t\t<div class=\"elementor-testimonial-meta-inner\">\n\t\t\t\t\t\t\t\t\t\t\t<div class=\"elementor-testimonial-image\">\n\t\t\t\t\t\t\t<img decoding=\"async\" width=\"865\" height=\"630\" src=\"https:\/\/catradeconsulting.com\/wp-content\/uploads\/2022\/05\/1.png\" class=\"attachment-full size-full wp-image-5964\" alt=\"\" srcset=\"http:\/\/catradeconsulting.com\/wp-content\/uploads\/2022\/05\/1.png 865w, http:\/\/catradeconsulting.com\/wp-content\/uploads\/2022\/05\/1-300x218.png 300w, http:\/\/catradeconsulting.com\/wp-content\/uploads\/2022\/05\/1-768x559.png 768w\" sizes=\"(max-width: 865px) 100vw, 865px\" \/>\t\t\t\t\t\t<\/div>\n\t\t\t\t\t\n\t\t\t\t\t\t\t\t\t\t<div class=\"elementor-testimonial-details\">\n\t\t\t\t\t\t\t\t\t\t\t\t\t\t<div class=\"elementor-testimonial-name\">Organizaci\u00f3n Mundial de Aduanas, s.f.<\/div>\n\t\t\t\t\t\t\t\t\t\t\t\t\t\t\t\t\t\t\t<\/div>\n\t\t\t\t\t\t\t\t\t<\/div>\n\t\t\t<\/div>\n\t\t\t\t\t<\/div>\n\t\t\t\t\t\t<\/div>\n\t\t\t\t<\/div>\n\t\t\t\t\t<\/div>\n\t\t<\/div>\n\t\t\t\t\t<\/div>\n\t\t<\/section>\n\t\t\t\t\t<\/div>\n\t\t<\/div>\n\t\t\t\t\t<\/div>\n\t\t<\/section>\n\t\t\t\t<section class=\"elementor-section elementor-top-section elementor-element elementor-element-5556536 elementor-section-boxed elementor-section-height-default elementor-section-height-default\" data-id=\"5556536\" data-element_type=\"section\" data-e-type=\"section\">\n\t\t\t\t\t\t<div class=\"elementor-container elementor-column-gap-default\">\n\t\t\t\t\t<div class=\"elementor-column elementor-col-100 elementor-top-column elementor-element elementor-element-5078fe1\" data-id=\"5078fe1\" data-element_type=\"column\" data-e-type=\"column\">\n\t\t\t<div class=\"elementor-widget-wrap elementor-element-populated\">\n\t\t\t\t\t\t<div class=\"elementor-element elementor-element-74a91fc elementor-widget elementor-widget-text-editor\" data-id=\"74a91fc\" data-element_type=\"widget\" data-e-type=\"widget\" data-widget_type=\"text-editor.default\">\n\t\t\t\t<div class=\"elementor-widget-container\">\n\t\t\t\t\t\t\t\t\t<p>El comercio internacional de mercanc\u00edas es cada d\u00eda m\u00e1s complejo. Es frecuente el surgimiento de nuevas mercanc\u00edas o la innovaci\u00f3n en los proceso de producci\u00f3n, como consecuencia de la evoluci\u00f3n de la ciencia, la industria y la t\u00e9cnica. Adem\u00e1s, las mercanc\u00edas son designadas de forma distinta, no solo en raz\u00f3n del idioma, sino tambi\u00e9n por el uso de vocablos o t\u00e9rminos nacionales o regionales. Todo lo anterior implica que la codificaci\u00f3n y designaci\u00f3n de las mercanc\u00edas sea vista como un rompecabezas al momento de hacer comercio.<span class=\"Apple-converted-space\">\u00a0<\/span><\/p><p>La Merceolog\u00eda es la ciencia que estudia las mercanc\u00edas (origen, naturaleza, funci\u00f3n y composici\u00f3n) y es utilizada como un instrumento para la determinaci\u00f3n de la clasificaci\u00f3n arancelaria de mercanc\u00edas. Esa clasificaci\u00f3n ha sido ordenada racional y sistem\u00e1ticamente en la Nomenclatura del Sistema Armonizado de Designaci\u00f3n y Codificaci\u00f3n de Mercanc\u00edas \u2013 SA- y est\u00e1 constituida por un c\u00f3digo num\u00e9rico a 6 d\u00edgitos y una descripci\u00f3n de las mercanc\u00edas de alcance mundial.<span class=\"Apple-converted-space\">\u00a0<\/span><\/p><p>CATRADE Clasifica, es un paquete de servicios que busca apoyar sus actividades de comercio exterior en aspectos aduaneros relacionados con Merceolog\u00eda y clasificaci\u00f3n arancelaria.<span class=\"Apple-converted-space\">\u00a0<\/span><\/p>\t\t\t\t\t\t\t\t<\/div>\n\t\t\t\t<\/div>\n\t\t\t\t\t<\/div>\n\t\t<\/div>\n\t\t\t\t\t<\/div>\n\t\t<\/section>\n\t\t\t\t<section class=\"elementor-section elementor-top-section elementor-element elementor-element-225cc98 elementor-section-full_width elementor-section-height-min-height elementor-section-stretched elementor-section-height-default elementor-section-items-middle\" data-id=\"225cc98\" data-element_type=\"section\" data-e-type=\"section\" data-settings=\"{&quot;stretch_section&quot;:&quot;section-stretched&quot;,&quot;background_background&quot;:&quot;classic&quot;}\">\n\t\t\t\t\t\t<div class=\"elementor-container elementor-column-gap-default\">\n\t\t\t\t\t<div class=\"elementor-column elementor-col-100 elementor-top-column elementor-element elementor-element-2164301\" data-id=\"2164301\" data-element_type=\"column\" data-e-type=\"column\">\n\t\t\t<div class=\"elementor-widget-wrap\">\n\t\t\t\t\t\t\t<\/div>\n\t\t<\/div>\n\t\t\t\t\t<\/div>\n\t\t<\/section>\n\t\t\t\t<section class=\"elementor-section elementor-top-section elementor-element elementor-element-b435786 elementor-section-boxed elementor-section-height-default elementor-section-height-default\" data-id=\"b435786\" data-element_type=\"section\" data-e-type=\"section\">\n\t\t\t\t\t\t<div class=\"elementor-container elementor-column-gap-default\">\n\t\t\t\t\t<div class=\"elementor-column elementor-col-100 elementor-top-column elementor-element elementor-element-1baa7f9\" data-id=\"1baa7f9\" data-element_type=\"column\" data-e-type=\"column\">\n\t\t\t<div class=\"elementor-widget-wrap elementor-element-populated\">\n\t\t\t\t\t\t<div class=\"elementor-element elementor-element-79e562e bull elementor-widget elementor-widget-react-heading\" data-id=\"79e562e\" data-element_type=\"widget\" data-e-type=\"widget\" data-widget_type=\"react-heading.default\">\n\t\t\t\t<div class=\"elementor-widget-container\">\n\t\t\t\t\t        <div class=\"react-heading style6\">\r\n        \t<div class=\"title-inner\">        \t\t      \t\t\r\n\t            <span class=\"sub-text\">CATRADE Clasifica<\/span><h2 class=\"title\"><span class=\"watermark\"><\/span>Le  ofrece<\/h2>\t        <\/div>\r\n\t                    \t<div class=\"description\">\r\n            \t\t<p>Estudios o criterios t\u00e9cnicos-merceol\u00f3gicos sobre su mercanc\u00eda que incluyen los argumentos legales y t\u00e9cnicos que sustentan una determinada clasificaci\u00f3n arancelaria.<\/p><ul><li>Identificaci\u00f3n de la clasificaci\u00f3n arancelaria correspondiente a la mercanc\u00eda que le interesa importar o exportar.<\/li><li>Elaboraci\u00f3n o revisi\u00f3n de \u201carancelitos\u201d (base de datos espec\u00edfica de las mercanc\u00edas que importa o exporta su empresa que incluye: descripci\u00f3n seg\u00fan factura, designaci\u00f3n aduanera de la mercanc\u00eda, c\u00f3digo interno, por ejemplo, n\u00famero de SKU, clasificaci\u00f3n arancelaria, impuestos y aranceles aplicables, aranceles preferenciales seg\u00fan TLCs de inter\u00e9s, entre otros).<\/li><li>Solicitudes de gesti\u00f3n de criterios t\u00e9cnicos oficiales sobre clasificaci\u00f3n arancelaria de mercanc\u00edas ante la autoridad aduanera competente.<\/li><li>Determinaci\u00f3n de aranceles aduaneros e impuestos internos en el pa\u00eds de importaci\u00f3n, aplicables a la mercanc\u00eda, seg\u00fan su clasificaci\u00f3n arancelaria.<\/li><li>Capacitaciones, charlas, seminarios, talleres u otras actividades similares, relacionadas con formaci\u00f3n t\u00e9cnica en materia de clasificaci\u00f3n arancelaria.<\/li><\/ul>            \t\t\r\n            \t<\/div>\r\n        \t        <\/div>\r\n        \t\t\t\t<\/div>\n\t\t\t\t<\/div>\n\t\t\t\t\t<\/div>\n\t\t<\/div>\n\t\t\t\t\t<\/div>\n\t\t<\/section>\n\t\t\t\t<section class=\"elementor-section elementor-top-section elementor-element elementor-element-aead884 elementor-section-boxed elementor-section-height-default elementor-section-height-default\" data-id=\"aead884\" data-element_type=\"section\" data-e-type=\"section\">\n\t\t\t\t\t\t<div class=\"elementor-container elementor-column-gap-default\">\n\t\t\t\t\t<div class=\"elementor-column elementor-col-100 elementor-top-column elementor-element elementor-element-09335e8\" data-id=\"09335e8\" data-element_type=\"column\" data-e-type=\"column\">\n\t\t\t<div class=\"elementor-widget-wrap elementor-element-populated\">\n\t\t\t\t\t\t<div class=\"elementor-element elementor-element-fcbd6f3 bull elementor-widget elementor-widget-react-heading\" data-id=\"fcbd6f3\" data-element_type=\"widget\" data-e-type=\"widget\" data-widget_type=\"react-heading.default\">\n\t\t\t\t<div class=\"elementor-widget-container\">\n\t\t\t\t\t        <div class=\"react-heading style6\">\r\n        \t<div class=\"title-inner\">        \t\t      \t\t\r\n\t            <span class=\"sub-text\">Con CATRADE Clasifica<\/span><h2 class=\"title\"><span class=\"watermark\"><\/span>Podr\u00e1<\/h2>\t        <\/div>\r\n\t                    \t<div class=\"description\">\r\n            \t\t<ul><li>Conocer la clasificaci\u00f3n arancelaria correcta de las mercanc\u00edas que tenga inter\u00e9s en exportar o importar.<\/li><li>Evitar cambios en la clasificaci\u00f3n arancelaria de las mercanc\u00edas al momento del despacho aduanero.<\/li><li>Obtener mayor previsibilidad en sus operaciones y negociaciones comerciales.<\/li><li>Evitar litigios y costos imprevistos asociados como consecuencia de una clasificaci\u00f3n arancelaria errada.<\/li><li>Contar con criterios de clasificaci\u00f3n arancelaria fundamentados en normas nacionales, regionales e internacionales.<\/li><li>Comercializar su producto con mayor certeza y seguridad jur\u00eddica.<\/li><li>Facilitar el proceso de importaci\u00f3n o exportaci\u00f3n de mercanc\u00edas.<\/li><li>Contar con asesor\u00eda profesional en materia de clasificaci\u00f3n arancelaria.<\/li><li>Contribuir a mejorar las oportunidades de negocio en los mercados de su inter\u00e9s.<\/li><\/ul>            \t\t\r\n            \t<\/div>\r\n        \t        <\/div>\r\n        \t\t\t\t<\/div>\n\t\t\t\t<\/div>\n\t\t\t\t\t<\/div>\n\t\t<\/div>\n\t\t\t\t\t<\/div>\n\t\t<\/section>\n\t\t\t\t<section class=\"elementor-section elementor-top-section elementor-element elementor-element-382445f elementor-section-content-middle elementor-section-boxed elementor-section-height-default elementor-section-height-default\" data-id=\"382445f\" data-element_type=\"section\" data-e-type=\"section\" data-settings=\"{&quot;background_background&quot;:&quot;classic&quot;}\">\n\t\t\t\t\t\t<div class=\"elementor-container elementor-column-gap-default\">\n\t\t\t\t\t<div class=\"elementor-column elementor-col-50 elementor-top-column elementor-element elementor-element-2090d79\" data-id=\"2090d79\" data-element_type=\"column\" data-e-type=\"column\">\n\t\t\t<div class=\"elementor-widget-wrap elementor-element-populated\">\n\t\t\t\t\t\t<div class=\"elementor-element elementor-element-8423ef3 elementor-widget elementor-widget-heading\" data-id=\"8423ef3\" data-element_type=\"widget\" data-e-type=\"widget\" data-widget_type=\"heading.default\">\n\t\t\t\t<div class=\"elementor-widget-container\">\n\t\t\t\t\t<h4 class=\"elementor-heading-title elementor-size-default\">Vamos a conversar y ententeder como mejorar sus negocios\n\t\t\t\t\t\t\t<\/h4>\t\t\t\t<\/div>\n\t\t\t\t<\/div>\n\t\t\t\t\t<\/div>\n\t\t<\/div>\n\t\t\t\t<div class=\"elementor-column elementor-col-50 elementor-top-column elementor-element elementor-element-f7c883c\" data-id=\"f7c883c\" data-element_type=\"column\" data-e-type=\"column\">\n\t\t\t<div class=\"elementor-widget-wrap elementor-element-populated\">\n\t\t\t\t\t\t<div class=\"elementor-element elementor-element-1200c2d elementor-align-right elementor-mobile-align-center elementor-widget elementor-widget-button\" data-id=\"1200c2d\" data-element_type=\"widget\" data-e-type=\"widget\" data-widget_type=\"button.default\">\n\t\t\t\t<div class=\"elementor-widget-container\">\n\t\t\t\t\t\t\t\t\t<div class=\"elementor-button-wrapper\">\n\t\t\t\t\t<a class=\"elementor-button elementor-button-link elementor-size-sm\" href=\"https:\/\/catradeconsulting.com\/contactenos-costa-rica\/\">\n\t\t\t\t\t\t<span class=\"elementor-button-content-wrapper\">\n\t\t\t\t\t\t\t\t\t<span class=\"elementor-button-text\">Hablemos de su proyecto<\/span>\n\t\t\t\t\t<\/span>\n\t\t\t\t\t<\/a>\n\t\t\t\t<\/div>\n\t\t\t\t\t\t\t\t<\/div>\n\t\t\t\t<\/div>\n\t\t\t\t\t<\/div>\n\t\t<\/div>\n\t\t\t\t\t<\/div>\n\t\t<\/section>\n\t\t\t\t<\/div>\n\t\t","protected":false},"excerpt":{"rendered":"<p>CATRADE Clasifica Clasificaci\u00f3n Arancelaria de mercanc\u00edas No asuma riesgos innecesarios. Previo a exportar o importar, aseg\u00farese que sus mercanc\u00edas est\u00e9n correctamente clasificadas \u201c[El Sistema Armonizado (SA)] Tambi\u00e9n se usa ampliamente por los gobiernos, las organizaciones internacionales y el sector privado para muchos otros prop\u00f3sitos, tales como impuestos internos, pol\u00edticas comerciales, monitoreo de productos sometidos a&#8230;<\/p>\n","protected":false},"author":1,"featured_media":5938,"parent":1889,"menu_order":0,"comment_status":"closed","ping_status":"open","template":"","meta":{"footnotes":""},"class_list":["post-5936","page","type-page","status-publish","has-post-thumbnail","hentry"],"aioseo_notices":[],"_links":{"self":[{"href":"http:\/\/catradeconsulting.com\/en\/wp-json\/wp\/v2\/pages\/5936","targetHints":{"allow":["GET"]}}],"collection":[{"href":"http:\/\/catradeconsulting.com\/en\/wp-json\/wp\/v2\/pages"}],"about":[{"href":"http:\/\/catradeconsulting.com\/en\/wp-json\/wp\/v2\/types\/page"}],"author":[{"embeddable":true,"href":"http:\/\/catradeconsulting.com\/en\/wp-json\/wp\/v2\/users\/1"}],"replies":[{"embeddable":true,"href":"http:\/\/catradeconsulting.com\/en\/wp-json\/wp\/v2\/comments?post=5936"}],"version-history":[{"count":32,"href":"http:\/\/catradeconsulting.com\/en\/wp-json\/wp\/v2\/pages\/5936\/revisions"}],"predecessor-version":[{"id":6497,"href":"http:\/\/catradeconsulting.com\/en\/wp-json\/wp\/v2\/pages\/5936\/revisions\/6497"}],"up":[{"embeddable":true,"href":"http:\/\/catradeconsulting.com\/en\/wp-json\/wp\/v2\/pages\/1889"}],"wp:featuredmedia":[{"embeddable":true,"href":"http:\/\/catradeconsulting.com\/en\/wp-json\/wp\/v2\/media\/5938"}],"wp:attachment":[{"href":"http:\/\/catradeconsulting.com\/en\/wp-json\/wp\/v2\/media?parent=5936"}],"curies":[{"name":"wp","href":"https:\/\/api.w.org\/{rel}","templated":true}]}}