{"id":1832,"date":"2014-08-04T10:07:02","date_gmt":"2014-08-04T16:07:02","guid":{"rendered":"http:\/\/catradeconsulting.com\/?page_id=1832"},"modified":"2023-04-18T20:53:18","modified_gmt":"2023-04-19T02:53:18","slug":"equipo-profesional-costa-rica","status":"publish","type":"page","link":"https:\/\/catradeconsulting.com\/en\/equipo-profesional-costa-rica\/","title":{"rendered":"Our team in Costa Rica"},"content":{"rendered":"\t\t<div data-elementor-type=\"wp-page\" data-elementor-id=\"1832\" class=\"elementor elementor-1832\">\n\t\t\t\t\t\t<section class=\"elementor-section elementor-top-section elementor-element elementor-element-6635552b elementor-section-boxed elementor-section-height-default elementor-section-height-default\" data-id=\"6635552b\" data-element_type=\"section\" data-e-type=\"section\">\n\t\t\t\t\t\t<div class=\"elementor-container elementor-column-gap-default\">\n\t\t\t\t\t<div class=\"elementor-column elementor-col-100 elementor-top-column elementor-element elementor-element-508ce7a4\" data-id=\"508ce7a4\" data-element_type=\"column\" data-e-type=\"column\">\n\t\t\t<div class=\"elementor-widget-wrap elementor-element-populated\">\n\t\t\t\t\t\t<div class=\"elementor-element elementor-element-4fa8459c elementor-widget elementor-widget-text-editor\" data-id=\"4fa8459c\" data-element_type=\"widget\" data-e-type=\"widget\" data-widget_type=\"text-editor.default\">\n\t\t\t\t<div class=\"elementor-widget-container\">\n\t\t\t\t\t\t\t\t\t<p>[wpanchor id=&#8221;viviana&#8221;]<\/p>\n<h2 style=\"text-align: center;\"><strong><a href=\"http:\/\/catradeconsulting.com\/wp-content\/uploads\/2014\/09\/Viviana.png\"><img decoding=\"async\" src=\"http:\/\/catradeconsulting.com\/wp-content\/uploads\/2014\/09\/Viviana.png\" alt=\"Viviana\" width=\"197\" height=\"193\"><\/a><\/strong><\/h2>\n<h2 style=\"text-align: center;\">&nbsp;<\/h2>\n<h2 style=\"text-align: left;\">&nbsp;<\/h2>\n<p><\/p>\n<h2 style=\"text-align: left;\"><strong>Viviana Santamar\u00eda G.<\/strong><\/h2>\n<blockquote>\n<p style=\"text-align: justify;\"><span style=\"color: #999999;\"><strong><em>&#8220;Si las empresas comprendieran mejor la reglas del comercio incurrir\u00edan en menores costos&#8221;<br><\/em><\/strong><\/span><\/p>\n<\/blockquote>\n<p style=\"text-align: justify;\">Socia-fundadora de <strong>CATRADE Consulting Group <\/strong>en Costa Rica, cuenta con m\u00e1s de (14) catorce a\u00f1os de experiencia en diversos t\u00f3picos del comercio internacional. Se desempe\u00f1\u00f3, durante cinco a\u00f1os, como negociadora comercial para el gobierno de Costa Rica y en el \u00e1mbito privado, ha asesorado a un n\u00famero importante de empresas, gobiernos y sectores productivos en la preparaci\u00f3n e identificaci\u00f3n de retos y oportunidades comerciales en los mercados internacionales, as\u00ed como en la implementaci\u00f3n de los derechos y obligaciones contra\u00eddos en los acuerdos comerciales.<\/p>\n<p>[wpanchor id=&#8221;edgar&#8221;]<\/p>\n<p style=\"text-align: justify;\">Su especialidad son los temas econ\u00f3micos del comercio internacional como el acceso a los mercados, las medidas antidumping, salvaguardias, subsidios y derechos compensatorios, as\u00ed como la investigaci\u00f3n de mercados, los an\u00e1lisis sectoriales, de clima de negocios e integraci\u00f3n regional, entre otros. Es Licenciada en Econom\u00eda de la Universidad de Costa Rica, profesora universitaria, investigadora y forma parte de la Comisi\u00f3n de Comercio Exterior de la Uni\u00f3n Costarricense de C\u00e1maras y Asociaciones del Sector Empresarial Privado (UCCAEP).<\/p>\n<hr>\n<p><img decoding=\"async\" src=\"http:\/\/catradeconsulting.com\/wp-content\/uploads\/2014\/09\/Edgard.png\" alt=\"Edgar\" width=\"211\" height=\"201\"><\/p>\n<h2 style=\"text-align: left;\">&nbsp;<\/h2>\n<h2>&nbsp;<\/h2>\n<h2><strong>Edgar Tenorio S.<\/strong><\/h2>\n<blockquote>\n<p style=\"text-align: justify;\"><em><span style=\"color: #999999;\"><strong>&#8220;Las operaciones de comercio exterior evolucionan constantemente, exigiendo que las empresas e instituciones inmersas en este campo, deban estar mejor preparadas para afrontar los retos de forma exitosa&#8221;<\/strong><\/span><\/em><\/p>\n<\/blockquote>\n<p>Socio-Consultor en CATRADE Consulting Group en Costa Rica. Cuenta con treinta (30) a\u00f1os de experiencia acumulada en diferentes \u00e1reas relacionadas con comercio internacional y aduanas. En el \u00e1mbito p\u00fablico se desempe\u00f1\u00f3 por m\u00e1s de ocho a\u00f1os como asesor y negociador comercial en el Ministerio de Comercio Exterior de Costa Rica, responsable del tema de obst\u00e1culos t\u00e9cnicos al comercio y negociador principal a cargo de dicho tema en importantes acuerdos comerciales del pa\u00eds, incluyendo el proceso de Uni\u00f3n Aduanera Centroamericana, en el que se desempe\u00f1\u00f3 por m\u00e1s de 8 a\u00f1os como Coordinador por Costa Rica del Grupo T\u00e9cnico de Registros Sanitarios. En dicho periodo, represent\u00f3 a Costa Rica ante el Comit\u00e9 de Obst\u00e1culos T\u00e9cnicos al Comercio de la OMC. En el \u00e1mbito privado, a lo largo de veintid\u00f3s a\u00f1os ha asesorado a importantes empresas nacionales e internacionales, instituciones y gobiernos en sus \u00e1reas de especialidad.<\/p>\n<p><span style=\"color: var( --e-global-color-text ); font-family: var( --e-global-typography-text-font-family ), Sans-serif; font-weight: var( --e-global-typography-text-font-weight );\">Magister en Derecho Econ\u00f3mico con \u00e9nfasis en Comercio Internacional. Licenciado en Derecho y Bachiller en Administraci\u00f3n Aduanera de la Universidad de Costa Rica. Sus especialidades son los aspectos legales del comercio exterior, medidas no arancelarias (obst\u00e1culos t\u00e9cnicos al comercio, aspectos regulatorios, medidas sanitarias y fitosanitarias, registros sanitarios, entre otros), Sistemas Nacionales de Calidad, simplificaci\u00f3n de tr\u00e1mites y mejora regulatoria, aduanas e integraci\u00f3n econ\u00f3mica regional.<\/span><\/p>\n<p>&nbsp;<span style=\"color: var( --e-global-color-text ); font-family: var( --e-global-typography-text-font-family ), Sans-serif; font-weight: var( --e-global-typography-text-font-weight );\">Es presidente de la Comisi\u00f3n de Calidad y Mejora Regulatoria de la C\u00e1mara de Industrias de Costa Rica y coordinador de la Comisi\u00f3n de Mejora Regulatoria en la Uni\u00f3n Costarricense de C\u00e1maras y Asociaciones del Sector Empresarial Privado (UCCAEP). Es profesor universitario de la carrera de Administraci\u00f3n Aduanera y Comercio Exterior de la Universidad de Costa Rica.<\/span><\/p>\n<p><\/p>\n<hr>\n<p><a href=\"http:\/\/catradeconsulting.com\/wp-content\/uploads\/2014\/09\/Juan.png\"><img decoding=\"async\" src=\"http:\/\/catradeconsulting.com\/wp-content\/uploads\/2014\/09\/Juan.png\" alt=\"Juan\" width=\"211\" height=\"201\"><\/a><\/p>\n<h2 style=\"text-align: left;\">&nbsp;<\/h2>\n<h2 style=\"text-align: left;\">&nbsp;<\/h2>\n<p><\/p>\n<h2 style=\"text-align: left;\"><strong>Juan Luis Z\u00fa\u00f1iga<\/strong><\/h2>\n<blockquote>\n<p style=\"text-align: justify;\"><span style=\"color: #999999;\"><em><strong>&#8220;El comercio libre y justo no es un fin en s\u00ed mismo, sino un medio para impulsar el crecimiento de las naciones&#8221;<\/strong><\/em><\/span><\/p>\n<\/blockquote>\n<p style=\"text-align: center;\"><strong>&nbsp;<\/strong><\/p>\n<p style=\"text-align: justify;\">Socio-Fundador de la empresa <strong>CATRADE Consulting Group <\/strong>en Costa Rica<strong>&nbsp;<\/strong>con veintid\u00f3s (22) a\u00f1os de experiencia en diversas \u00e1reas del comercio internacional, aduanas y facilitaci\u00f3n del comercio. Actualmente labora como consultor y conferencista internacional en todos estos \u00e1mbitos, prestando sus servicios a gobiernos, empresas privadas y organismos internacionales en diferentes pa\u00edses.<\/p>\n<p style=\"text-align: justify;\">Se desempe\u00f1\u00f3 como Subdirector General de Comercio Exterior y Director de la Direcci\u00f3n de Administraci\u00f3n de Acuerdos Comerciales Internacionales (DAACI) del Ministerio de Comercio Exterior de Costa Rica y fungi\u00f3 como negociador principal de los Tratados de Libre Comercio que Costa Rica ha suscrito con Rep\u00fablica Dominicana, Chile, Panam\u00e1, los pa\u00edses del CARICOM, Canad\u00e1 y los Estados Unidos de Am\u00e9rica (CAFTA-DR). Anteriormente, labor\u00f3 en el sector privado como Agente de Aduanas y Sub-Jefe de la Unidad T\u00e9cnica del extinto Grupo Aduanero Cormar (actualmente DHL Costa Rica).<\/p>\n<p style=\"text-align: justify;\">Es Administrador P\u00fablico, especialista en Administraci\u00f3n de Aduanas y Comercio Internacional. Cuenta con un t\u00edtulo en Administraci\u00f3n de Aduanas y Comercio Exterior de la Universidad de Costa Rica (UCR) y con una Maestr\u00eda en Gesti\u00f3n P\u00fablica con especialidad en Administraci\u00f3n de Aduanas del Instituto Internacional de Administraci\u00f3n P\u00fablica (IIAP), Par\u00eds, Francia. Adem\u00e1s, ha realizado otros estudios de especializaci\u00f3n en comercio internacional y negociaciones comerciales&nbsp;en Colombia y Honduras. &nbsp;Ex profesor universitario de la carrera de Administraci\u00f3n Aduanera y Comercio Exterior de la Universidad de Costa Rica y de la Universidad Braulio Carrillo.<\/p>\n<p style=\"text-align: justify;\">Actualmente funge como coordinador t\u00e9cnico del Grupo de Trabajo de Asuntos Internacionales y de Cooperaci\u00f3n de la C\u00e1mara de Comercio de Costa Rica (CCCR) y es miembro activo de la Comisi\u00f3n de Comercio Exterior de la Uni\u00f3n Costarricense de C\u00e1maras y Asociaciones del Sector Empresarial Privado (UCCAEP).<\/p>\t\t\t\t\t\t\t\t<\/div>\n\t\t\t\t<\/div>\n\t\t\t\t\t<\/div>\n\t\t<\/div>\n\t\t\t\t\t<\/div>\n\t\t<\/section>\n\t\t\t\t<\/div>\n\t\t","protected":false},"excerpt":{"rendered":"<p>[wpanchor id=&#8221;viviana&#8221;] &nbsp; &nbsp; Viviana Santamar\u00eda G. &#8220;Si las empresas comprendieran mejor la reglas del comercio incurrir\u00edan en menores costos&#8221; Socia-fundadora de CATRADE Consulting Group en Costa Rica, cuenta con m\u00e1s de (14) catorce a\u00f1os de experiencia en diversos t\u00f3picos del comercio internacional. Se desempe\u00f1\u00f3, durante cinco a\u00f1os, como negociadora comercial para el gobierno de&#8230;<\/p>\n","protected":false},"author":1,"featured_media":0,"parent":0,"menu_order":0,"comment_status":"closed","ping_status":"closed","template":"","meta":{"footnotes":""},"class_list":["post-1832","page","type-page","status-publish","hentry"],"aioseo_notices":[],"_links":{"self":[{"href":"https:\/\/catradeconsulting.com\/en\/wp-json\/wp\/v2\/pages\/1832","targetHints":{"allow":["GET"]}}],"collection":[{"href":"https:\/\/catradeconsulting.com\/en\/wp-json\/wp\/v2\/pages"}],"about":[{"href":"https:\/\/catradeconsulting.com\/en\/wp-json\/wp\/v2\/types\/page"}],"author":[{"embeddable":true,"href":"https:\/\/catradeconsulting.com\/en\/wp-json\/wp\/v2\/users\/1"}],"replies":[{"embeddable":true,"href":"https:\/\/catradeconsulting.com\/en\/wp-json\/wp\/v2\/comments?post=1832"}],"version-history":[{"count":35,"href":"https:\/\/catradeconsulting.com\/en\/wp-json\/wp\/v2\/pages\/1832\/revisions"}],"predecessor-version":[{"id":7075,"href":"https:\/\/catradeconsulting.com\/en\/wp-json\/wp\/v2\/pages\/1832\/revisions\/7075"}],"wp:attachment":[{"href":"https:\/\/catradeconsulting.com\/en\/wp-json\/wp\/v2\/media?parent=1832"}],"curies":[{"name":"wp","href":"https:\/\/api.w.org\/{rel}","templated":true}]}}