{"id":2548,"date":"2014-11-20T08:52:14","date_gmt":"2014-11-20T14:52:14","guid":{"rendered":"http:\/\/catradeconsulting.com\/?page_id=2548"},"modified":"2014-12-01T09:34:59","modified_gmt":"2014-12-01T15:34:59","slug":"catrade-otros-eventos","status":"publish","type":"page","link":"https:\/\/catradeconsulting.com\/en\/catrade-otros-eventos\/","title":{"rendered":"CATRADE | <strong>WEBINARS<\/strong>"},"content":{"rendered":"<h3 style=\"text-align: center;\">[bs_well size=&#8221;sm&#8221;]<span style=\"color: #ffffff;\"><a style=\"color: #ffffff;\" href=\"http:\/\/catradeconsulting.com\/catrade-webinars\/\">WEBINARS<\/a>\u00a0\u00a0 | \u00a0\u00a0<a style=\"color: #ffffff;\" href=\"http:\/\/catradeconsulting.com\/catrade-webinars-formulario\/\">Cat\u00e1logo Tem\u00e1tico<\/a>\u00a0\u00a0 | \u00a0 <a style=\"color: #ffffff;\" href=\"http:\/\/catradeconsulting.com\/catrade-a-la-medida\/\">Solicitud<\/a> \u00a0 | \u00a0\u00a0<a style=\"color: #ffffff;\" href=\"http:\/\/catradeconsulting.com\/catrade-webinars-registro\/\">Ingreso<\/a><\/span>[\/bs_well]<\/h3>\n<h2><span style=\"color: #f79418;\">OTROS EVENTOS PERI\u00d3DICOS&#8230;<\/span><\/h2>\n<p>En CATRADE estaremos desarrollando Webinars peri\u00f3dicos sobre diferentes temas de actualidad en <b>Comercio Exterior &amp; Aduanas. <\/b>Si Usted est\u00e1 interesado en recibir informaci\u00f3n sobre estos eventos haga clic en la siguiente direcci\u00f3n <a href=\"mailto:catradewebinars@catradeconsulting.com\">catradewebinars@catradeconsulting.com<\/a>.<\/p>\n","protected":false},"excerpt":{"rendered":"<p>[bs_well size=&#8221;sm&#8221;]WEBINARS\u00a0\u00a0 | \u00a0\u00a0Cat\u00e1logo Tem\u00e1tico\u00a0\u00a0 | \u00a0 Solicitud \u00a0 | \u00a0\u00a0Ingreso&#8230;<\/p>\n","protected":false},"author":1,"featured_media":0,"parent":0,"menu_order":0,"comment_status":"closed","ping_status":"open","template":"","meta":{"footnotes":""},"class_list":["post-2548","page","type-page","status-publish","hentry"],"aioseo_notices":[],"_links":{"self":[{"href":"https:\/\/catradeconsulting.com\/en\/wp-json\/wp\/v2\/pages\/2548","targetHints":{"allow":["GET"]}}],"collection":[{"href":"https:\/\/catradeconsulting.com\/en\/wp-json\/wp\/v2\/pages"}],"about":[{"href":"https:\/\/catradeconsulting.com\/en\/wp-json\/wp\/v2\/types\/page"}],"author":[{"embeddable":true,"href":"https:\/\/catradeconsulting.com\/en\/wp-json\/wp\/v2\/users\/1"}],"replies":[{"embeddable":true,"href":"https:\/\/catradeconsulting.com\/en\/wp-json\/wp\/v2\/comments?post=2548"}],"version-history":[{"count":2,"href":"https:\/\/catradeconsulting.com\/en\/wp-json\/wp\/v2\/pages\/2548\/revisions"}],"predecessor-version":[{"id":2563,"href":"https:\/\/catradeconsulting.com\/en\/wp-json\/wp\/v2\/pages\/2548\/revisions\/2563"}],"wp:attachment":[{"href":"https:\/\/catradeconsulting.com\/en\/wp-json\/wp\/v2\/media?parent=2548"}],"curies":[{"name":"wp","href":"https:\/\/api.w.org\/{rel}","templated":true}]}}