{"id":2721,"date":"2015-01-20T17:02:57","date_gmt":"2015-01-20T23:02:57","guid":{"rendered":"http:\/\/catradeconsulting.com\/?page_id=2721"},"modified":"2015-01-20T17:19:06","modified_gmt":"2015-01-20T23:19:06","slug":"las-politicas-comerciales-el-bienestar-en-el-hogar-y-el-alivio-de-la-pobreza-estudios-de-caso-de-la-red-academica-del-instituto-virtual-de-la-unctad","status":"publish","type":"page","link":"https:\/\/catradeconsulting.com\/en\/las-politicas-comerciales-el-bienestar-en-el-hogar-y-el-alivio-de-la-pobreza-estudios-de-caso-de-la-red-academica-del-instituto-virtual-de-la-unctad\/","title":{"rendered":"Trade policies, household welfare and poverty alleviation: Case studies of the UNCTAD Virtual Institute Academic Network"},"content":{"rendered":"<blockquote>\n<h3 style=\"text-align: center;\"><em><strong>Las pol\u00edticas comerciales, el bienestar en el hogar y el alivio de la pobreza:<br \/>\nEstudios de caso de la Red Acad\u00e9mica del Instituto Virtual de la UNCTAD<\/strong><\/em><\/h3>\n<\/blockquote>\n<h4><\/h4>\n<h4><strong><br \/>\nResumen<\/strong><\/h4>\n<p style=\"text-align: justify;\">Desde hace un tiempo atr\u00e1s, se inici\u00f3 un debate sobre la relaci\u00f3n que existe entre el comercio internacional y la pobreza. Esto porque, por un lado, factores como la liberalizaci\u00f3n del comercio a trav\u00e9s de la disminuci\u00f3n de las barreras existentes, la fragmentaci\u00f3n de la producci\u00f3n y el aumento en la demanda de bienes han contribuido a que por ejemplo, entre 1994 y el 2008, las exportaciones de pa\u00edses de ingresos medios y bajos pasaran del 25%-55% y del 26% al 55% de su Producto Interno Bruto (PIB), respectivamente. Mientras que por el otro, se tiene que la pobreza global ha disminuido, pues la cantidad de personas que viven con menos de un d\u00f3lar por d\u00eda ha bajado del 52% en 1981 al 22% en el 2008.<\/p>\n<p style=\"text-align: justify;\">De esta forma es que surge la interrogante sobre \u00bfhasta qu\u00e9 punto se puede relacionar la disminuci\u00f3n de la pobreza mundial con el crecimiento del comercio internacional? Y por ello es que, en este sentido, los estudios de casos abordados en este texto tratan de referirse al tema desde dos perspectivas. La primera es examinar las consecuencias en el bienestar de la sociedad debido a los incrementos globales de los precios de los alimentos y, la segunda es examinar los efectos de los cambios en las pol\u00edticas comerciales y los tipos de cambio en el bienestar de la sociedad.<\/p>\n<p style=\"text-align: justify;\">Por esta raz\u00f3n y para brindar un panorama m\u00e1s representativo, es que el texto recoge estudios de casos en pa\u00edses seleccionados, que son catalogados como de ingresos medios-bajos y medios, con PIB per c\u00e1pita que oscilan entre los USD 2.388 en Nigeria y los USD 12.000 en Argentina (seg\u00fan los t\u00e9rminos de paridad del poder adquisitivo del 2010). Adem\u00e1s, estos pa\u00edses var\u00edan seg\u00fan sus niveles de pobreza, pues la cantidad de personas que viven con menos de un d\u00f3lar al d\u00eda va del 1% en la Antigua Rep\u00fablica Yugoslava de Macedonia y Argentina, al 16-18% en China, Filipinas y Vietnam, y al 68% en Nigeria. Al mismo tiempo que difieren, entre ellos, en su exposici\u00f3n al mercado agr\u00edcola mundial en cuestiones de producci\u00f3n y empleo.<\/p>\n<p style=\"text-align: justify;\">De ah\u00ed que estos estudios no s\u00f3lo ofrecen no un acercamiento a la relaci\u00f3n entre la pol\u00edtica comercial, los cambios en los precios de los bienes y la pobreza; sino que tambi\u00e9n llegan a respaldar la conclusi\u00f3n de Aksoy &amp; Hoekman (2010) de que no es posible generalizar sobre c\u00f3mo el alza en los precios de los alimentos afecta a los pobres. Esto porque los efectos dependen del impacto del cambio de las pol\u00edticas comerciales en los precios dom\u00e9sticos, la exposici\u00f3n de los hogares pobres a la fluctuaci\u00f3n de precios tanto desde el punto de vista de productores como de consumidores de los bienes as\u00ed como con respecto a sus ingresos salariales y a la magnitud de los cambios en los precios.<\/p>\n<h4 style=\"text-align: justify;\"><strong>Referencia<\/strong><\/h4>\n<p style=\"text-align: justify;\"><a title=\"Las pol\u00edticas comerciales, el bienestar en el hogar y el alivio de la pobreza: Estudios de caso de la Red Acad\u00e9mica del Instituto Virtual de la UNCTAD\" href=\"http:\/\/unctad.org\/en\/PublicationsLibrary\/gds2014d3_en.pdf\" target=\"_blank\"><img decoding=\"async\" class=\"alignleft wp-image-2722\" src=\"http:\/\/catradeconsulting.com\/wp-content\/uploads\/2015\/01\/Trade-Policies-Household-Welfare-and-Poverty-Alleviation-235x300.png\" alt=\"Trade Policies, Household Welfare and Poverty Alleviation\" width=\"179\" height=\"228\" srcset=\"https:\/\/catradeconsulting.com\/wp-content\/uploads\/2015\/01\/Trade-Policies-Household-Welfare-and-Poverty-Alleviation-235x300.png 235w, https:\/\/catradeconsulting.com\/wp-content\/uploads\/2015\/01\/Trade-Policies-Household-Welfare-and-Poverty-Alleviation-471x600.png 471w, https:\/\/catradeconsulting.com\/wp-content\/uploads\/2015\/01\/Trade-Policies-Household-Welfare-and-Poverty-Alleviation-43x55.png 43w, https:\/\/catradeconsulting.com\/wp-content\/uploads\/2015\/01\/Trade-Policies-Household-Welfare-and-Poverty-Alleviation-300x382.png 300w, https:\/\/catradeconsulting.com\/wp-content\/uploads\/2015\/01\/Trade-Policies-Household-Welfare-and-Poverty-Alleviation.png 503w\" sizes=\"(max-width: 179px) 100vw, 179px\" \/><\/a><\/p>\n<p style=\"text-align: justify;\">Conferencia de las Naciones Unidas sobre Comercio y Desarrollo UNCTAD. (2014). <em>Trade Policies, Household Welfare and Poverty Alleviation: Case Studies form the Virtual Institute Academic Network [Las pol\u00edticas comerciales, el bienestar en el hogar y el alivio de la pobreza: Estudios de caso de la Red Acad\u00e9mica del Instituto Virtual].<\/em> Recuperado de: <a href=\"http:\/\/unctad.org\/en\/PublicationsLibrary\/gds2014d3_en.pdf\">http:\/\/unctad.org\/en\/PublicationsLibrary\/gds2014d3_en.pdf<\/a><\/p>\n<hr \/>\n<p style=\"text-align: right;\"><strong>Nota:<\/strong> resumen hecho por CATRADE Grupo Consultor en Comercio Exterior.<\/p>\n<hr \/>\n","protected":false},"excerpt":{"rendered":"<p>Trade Policies, Household Well-being, and Poverty Alleviation: Case Studies from the UNCTAD Virtual Institute Academic Network Abstract For some time now, a debate has been underway about the relationship between international trade and poverty. This is because, on the one hand, factors\u2026<\/p>","protected":false},"author":1,"featured_media":0,"parent":0,"menu_order":0,"comment_status":"closed","ping_status":"open","template":"","meta":{"footnotes":""},"class_list":["post-2721","page","type-page","status-publish","hentry"],"aioseo_notices":[],"_links":{"self":[{"href":"https:\/\/catradeconsulting.com\/en\/wp-json\/wp\/v2\/pages\/2721","targetHints":{"allow":["GET"]}}],"collection":[{"href":"https:\/\/catradeconsulting.com\/en\/wp-json\/wp\/v2\/pages"}],"about":[{"href":"https:\/\/catradeconsulting.com\/en\/wp-json\/wp\/v2\/types\/page"}],"author":[{"embeddable":true,"href":"https:\/\/catradeconsulting.com\/en\/wp-json\/wp\/v2\/users\/1"}],"replies":[{"embeddable":true,"href":"https:\/\/catradeconsulting.com\/en\/wp-json\/wp\/v2\/comments?post=2721"}],"version-history":[{"count":12,"href":"https:\/\/catradeconsulting.com\/en\/wp-json\/wp\/v2\/pages\/2721\/revisions"}],"predecessor-version":[{"id":2738,"href":"https:\/\/catradeconsulting.com\/en\/wp-json\/wp\/v2\/pages\/2721\/revisions\/2738"}],"wp:attachment":[{"href":"https:\/\/catradeconsulting.com\/en\/wp-json\/wp\/v2\/media?parent=2721"}],"curies":[{"name":"wp","href":"https:\/\/api.w.org\/{rel}","templated":true}]}}