{"id":4007,"date":"2022-03-25T16:56:51","date_gmt":"2022-03-25T16:56:51","guid":{"rendered":"https:\/\/reactheme.com\/products\/wordpress\/finanix\/?page_id=4007"},"modified":"2022-07-21T16:24:06","modified_gmt":"2022-07-21T22:24:06","slug":"team-grid-style","status":"publish","type":"page","link":"https:\/\/catradeconsulting.com\/en\/team-grid-style\/","title":{"rendered":"Our team"},"content":{"rendered":"<div data-elementor-type=\"wp-page\" data-elementor-id=\"4007\" class=\"elementor elementor-4007\">\n\t\t\t\t\t\t<section class=\"elementor-section elementor-top-section elementor-element elementor-element-6df0a81 elementor-section-content-middle elementor-section-stretched elementor-section-boxed elementor-section-height-default elementor-section-height-default\" data-id=\"6df0a81\" data-element_type=\"section\" data-e-type=\"section\" data-settings=\"{&quot;stretch_section&quot;:&quot;section-stretched&quot;}\">\n\t\t\t\t\t\t<div class=\"elementor-container elementor-column-gap-extended\">\n\t\t\t\t\t<div class=\"elementor-column elementor-col-100 elementor-top-column elementor-element elementor-element-32c786e\" data-id=\"32c786e\" data-element_type=\"column\" data-e-type=\"column\">\n\t\t\t<div class=\"elementor-widget-wrap elementor-element-populated\">\n\t\t\t\t\t\t<div class=\"elementor-element elementor-element-19b4b68 elementor-widget elementor-widget-rt-team-member\" data-id=\"19b4b68\" data-element_type=\"widget\" data-e-type=\"widget\" data-widget_type=\"rt-team-member.default\">\n\t\t\t\t<div class=\"elementor-widget-container\">\n\t\t\t\t\t\r\n\t\t\t\r\n\t\t\t<div class=\"portfolio-filter\">\r\n\t\t\t    <button class=\"active\" data-filter=\"*\">All<\/button>\r\n\t\t\t    \t            \t<button data-filter=\".filter_costa-rica\">Costa Rica<\/button>\r\n\t            \t            \t<button data-filter=\".filter_el-salvador\">El Salvador<\/button>\r\n\t            \r\n\t\t\t<\/div>\r\n\t\t\r\n\t\t\t\t<div class=\"rs-team-grid rs-team team-grid-style2 default\">\r\n\t\t<div class=\"row grid\">\r\n\t\t \t\t\t\r\n\t\t\t\r\n\t\t\t\t\t<div class=\"col-lg-4 col-md-6 filter_costa-rica  grid-item\">\t\r\n\r\n\t\t\t\t\t\t<div class=\"team-item\">\r\n\t\t\t\t\t\t\t<div class=\"team-inner-wrap\">\r\n\t\t\t\t\t\t\t\t<div class=\"image-wrap\">\r\n\t\t\t\t\t\t\t\t\t<a class=\"pointer-events\"  href=\"#rs_popupBox2_1\" data-effect=\"mfp-zoom-in\">\r\n\t\t\t\t\t\t\t\t\t\t<img fetchpriority=\"high\" decoding=\"async\" width=\"610\" height=\"660\" src=\"https:\/\/catradeconsulting.com\/wp-content\/uploads\/2022\/03\/Viviana.jpg\" class=\"attachment-large size-large wp-post-image\" alt=\"\" srcset=\"https:\/\/catradeconsulting.com\/wp-content\/uploads\/2022\/03\/Viviana.jpg 610w, https:\/\/catradeconsulting.com\/wp-content\/uploads\/2022\/03\/Viviana-277x300.jpg 277w, https:\/\/catradeconsulting.com\/wp-content\/uploads\/2022\/03\/Viviana-11x12.jpg 11w\" sizes=\"(max-width: 610px) 100vw, 610px\" \/>\t\t\t\t\t\t\t\t\t<\/a>\r\n\t\t\t\t\t\t\t\t\t\r\n\t\t\t\t\t\t\t    <\/div>\r\n\t\t\t\t\t\t    \t<div class=\"team-content\">\t\r\n\t\t\t\t\t\t    \t\t<div class=\"team-title nolink\">Founding partner<\/div>\t\t\t\t\t\t\t            \r\n\t\t\t\t\t\t    \t\t<h3 class=\"team-name\"><a href=\"https:\/\/catradeconsulting.com\/en\/teams\/viviana-santamaria-g\/\">Viviana Santamaria G.<\/a><\/h3>\r\n\t\t\t\t\t\t                \r\n\t\t\t\t\t\t    \t    \t\t\t\t\t\t    \t\t\t<div class=\"social-icons\">\r\n\t\t\t\t\t\t    \t\t\t\t<a href=\"https:\/\/www.linkedin.com\/in\/viviana-santamaria-5237563b\/\" class=\"social-icon\" target=\"_blank\"><i class=\"fab fa-linkedin-in\"><\/i><\/a>\t\t\t\t\t\t            \t<\/div>\r\n\t\t\t\t\t\t        \t   \r\n\t\t\t\t\t\t    \t<\/div>\r\n\t\t\t\t\t\t\t<\/div>\t\t\t\t    \r\n\t\t\t\t\t\t<\/div>\r\n\r\n\t\t\t\t\t<\/div>\r\n\t\t\t\t\t\t\r\n\r\n\t\t\t\t\t\t\r\n\t\t\t\r\n\t\t\t\t\t<div class=\"col-lg-4 col-md-6 filter_costa-rica  grid-item\">\t\r\n\r\n\t\t\t\t\t\t<div class=\"team-item\">\r\n\t\t\t\t\t\t\t<div class=\"team-inner-wrap\">\r\n\t\t\t\t\t\t\t\t<div class=\"image-wrap\">\r\n\t\t\t\t\t\t\t\t\t<a class=\"pointer-events\"  href=\"#rs_popupBox2_2\" data-effect=\"mfp-zoom-in\">\r\n\t\t\t\t\t\t\t\t\t\t<img decoding=\"async\" width=\"610\" height=\"660\" src=\"https:\/\/catradeconsulting.com\/wp-content\/uploads\/2022\/03\/Edgar.jpg\" class=\"attachment-large size-large wp-post-image\" alt=\"\" srcset=\"https:\/\/catradeconsulting.com\/wp-content\/uploads\/2022\/03\/Edgar.jpg 610w, https:\/\/catradeconsulting.com\/wp-content\/uploads\/2022\/03\/Edgar-277x300.jpg 277w, https:\/\/catradeconsulting.com\/wp-content\/uploads\/2022\/03\/Edgar-11x12.jpg 11w\" sizes=\"(max-width: 610px) 100vw, 610px\" \/>\t\t\t\t\t\t\t\t\t<\/a>\r\n\t\t\t\t\t\t\t\t\t\r\n\t\t\t\t\t\t\t    <\/div>\r\n\t\t\t\t\t\t    \t<div class=\"team-content\">\t\r\n\t\t\t\t\t\t    \t\t<div class=\"team-title nolink\">Partner-Consultant<\/div>\t\t\t\t\t\t\t            \r\n\t\t\t\t\t\t    \t\t<h3 class=\"team-name\"><a href=\"https:\/\/catradeconsulting.com\/en\/teams\/edgar-tenorio-s\/\">Edgar Tenorio S.<\/a><\/h3>\r\n\t\t\t\t\t\t                \r\n\t\t\t\t\t\t    \t    \t\t\t\t\t\t    \t\t\t<div class=\"social-icons\">\r\n\t\t\t\t\t\t    \t\t\t\t<a href=\"https:\/\/www.linkedin.com\/in\/edgar-tenorio-s-09998b39\/\" class=\"social-icon\" target=\"_blank\"><i class=\"fab fa-linkedin-in\"><\/i><\/a>\t\t\t\t\t\t            \t<\/div>\r\n\t\t\t\t\t\t        \t   \r\n\t\t\t\t\t\t    \t<\/div>\r\n\t\t\t\t\t\t\t<\/div>\t\t\t\t    \r\n\t\t\t\t\t\t<\/div>\r\n\r\n\t\t\t\t\t<\/div>\r\n\t\t\t\t\t\t\r\n\r\n\t\t\t\t\t\t\r\n\t\t\t\r\n\t\t\t\t\t<div class=\"col-lg-4 col-md-6 filter_costa-rica  grid-item\">\t\r\n\r\n\t\t\t\t\t\t<div class=\"team-item\">\r\n\t\t\t\t\t\t\t<div class=\"team-inner-wrap\">\r\n\t\t\t\t\t\t\t\t<div class=\"image-wrap\">\r\n\t\t\t\t\t\t\t\t\t<a class=\"pointer-events\"  href=\"#rs_popupBox2_3\" data-effect=\"mfp-zoom-in\">\r\n\t\t\t\t\t\t\t\t\t\t<img decoding=\"async\" width=\"610\" height=\"660\" src=\"https:\/\/catradeconsulting.com\/wp-content\/uploads\/2022\/03\/Juan.jpg\" class=\"attachment-large size-large wp-post-image\" alt=\"\" srcset=\"https:\/\/catradeconsulting.com\/wp-content\/uploads\/2022\/03\/Juan.jpg 610w, https:\/\/catradeconsulting.com\/wp-content\/uploads\/2022\/03\/Juan-277x300.jpg 277w, https:\/\/catradeconsulting.com\/wp-content\/uploads\/2022\/03\/Juan-11x12.jpg 11w\" sizes=\"(max-width: 610px) 100vw, 610px\" \/>\t\t\t\t\t\t\t\t\t<\/a>\r\n\t\t\t\t\t\t\t\t\t\r\n\t\t\t\t\t\t\t    <\/div>\r\n\t\t\t\t\t\t    \t<div class=\"team-content\">\t\r\n\t\t\t\t\t\t    \t\t<div class=\"team-title nolink\">Founding Partner<\/div>\t\t\t\t\t\t\t            \r\n\t\t\t\t\t\t    \t\t<h3 class=\"team-name\"><a href=\"https:\/\/catradeconsulting.com\/en\/teams\/juan-luis-zuniga\/\">Juan Luis Zuniga<\/a><\/h3>\r\n\t\t\t\t\t\t                \r\n\t\t\t\t\t\t    \t    \t\t\t\t\t\t    \t\t\t<div class=\"social-icons\">\r\n\t\t\t\t\t\t    \t\t\t\t<a href=\"https:\/\/www.linkedin.com\/in\/juan-luis-ziga-a42327245\/\" class=\"social-icon\" target=\"_blank\"><i class=\"fab fa-linkedin-in\"><\/i><\/a>\t\t\t\t\t\t            \t<\/div>\r\n\t\t\t\t\t\t        \t   \r\n\t\t\t\t\t\t    \t<\/div>\r\n\t\t\t\t\t\t\t<\/div>\t\t\t\t    \r\n\t\t\t\t\t\t<\/div>\r\n\r\n\t\t\t\t\t<\/div>\r\n\t\t\t\t\t\t\r\n\r\n\t\t\t\t\t\t\r\n\t\t\t\r\n\t\t\t\t\t<div class=\"col-lg-4 col-md-6 filter_el-salvador  grid-item\">\t\r\n\r\n\t\t\t\t\t\t<div class=\"team-item\">\r\n\t\t\t\t\t\t\t<div class=\"team-inner-wrap\">\r\n\t\t\t\t\t\t\t\t<div class=\"image-wrap\">\r\n\t\t\t\t\t\t\t\t\t<a class=\"pointer-events\"  href=\"#rs_popupBox2_4\" data-effect=\"mfp-zoom-in\">\r\n\t\t\t\t\t\t\t\t\t\t<img loading=\"lazy\" decoding=\"async\" width=\"610\" height=\"660\" src=\"https:\/\/catradeconsulting.com\/wp-content\/uploads\/2022\/03\/PODCAST-1-3.jpg\" class=\"attachment-large size-large wp-post-image\" alt=\"\" srcset=\"https:\/\/catradeconsulting.com\/wp-content\/uploads\/2022\/03\/PODCAST-1-3.jpg 610w, https:\/\/catradeconsulting.com\/wp-content\/uploads\/2022\/03\/PODCAST-1-3-277x300.jpg 277w, https:\/\/catradeconsulting.com\/wp-content\/uploads\/2022\/03\/PODCAST-1-3-11x12.jpg 11w\" sizes=\"(max-width: 610px) 100vw, 610px\" \/>\t\t\t\t\t\t\t\t\t<\/a>\r\n\t\t\t\t\t\t\t\t\t\r\n\t\t\t\t\t\t\t    <\/div>\r\n\t\t\t\t\t\t    \t<div class=\"team-content\">\t\r\n\t\t\t\t\t\t    \t\t<div class=\"team-title nolink\">Partner<\/div>\t\t\t\t\t\t\t            \r\n\t\t\t\t\t\t    \t\t<h3 class=\"team-name\"><a href=\"https:\/\/catradeconsulting.com\/en\/teams\/reynaldo-vasquez\/\">Reynaldo Vasquez<\/a><\/h3>\r\n\t\t\t\t\t\t                \r\n\t\t\t\t\t\t    \t    \t\t\t\t\t\t    \t\t\t<div class=\"social-icons\">\r\n\t\t\t\t\t\t    \t\t\t\t<a href=\"https:\/\/www.linkedin.com\/in\/reynaldo-vasquez-22927a2b\/\" class=\"social-icon\" target=\"_blank\"><i class=\"fab fa-linkedin-in\"><\/i><\/a>\t\t\t\t\t\t            \t<\/div>\r\n\t\t\t\t\t\t        \t   \r\n\t\t\t\t\t\t    \t<\/div>\r\n\t\t\t\t\t\t\t<\/div>\t\t\t\t    \r\n\t\t\t\t\t\t<\/div>\r\n\r\n\t\t\t\t\t<\/div>\r\n\t\t\t\t\t\t\r\n\r\n\t\t\t\t  \r\n\t<\/div>\r\n<\/div>\t\t\t\t<\/div>\n\t\t\t\t<\/div>\n\t\t\t\t<div class=\"elementor-element elementor-element-52a0a6e elementor-widget elementor-widget-rt-team-member\" data-id=\"52a0a6e\" data-element_type=\"widget\" data-e-type=\"widget\" data-widget_type=\"rt-team-member.default\">\n\t\t\t\t<div class=\"elementor-widget-container\">\n\t\t\t\t\t\r\n\t\t\t\t\t\t\t\t<\/div>\n\t\t\t\t<\/div>\n\t\t\t\t\t<\/div>\n\t\t<\/div>\n\t\t\t\t\t<\/div>\n\t\t<\/section>\n\t\t\t\t<\/div>","protected":false},"excerpt":{"rendered":"<p>All Costa Rica El Salvador Founding Partner Viviana Santamar\u00eda G. Consulting Partner Edgar Tenorio S. Founding Partner Juan Luis Z\u00fa\u00f1iga Managing Partner Johanna Hill Partner Reynaldo V\u00e1squez Founding Partner Claudia Uma\u00f1a Araujo<\/p>","protected":false},"author":1,"featured_media":0,"parent":0,"menu_order":0,"comment_status":"closed","ping_status":"closed","template":"","meta":{"footnotes":""},"class_list":["post-4007","page","type-page","status-publish","hentry"],"aioseo_notices":[],"_links":{"self":[{"href":"https:\/\/catradeconsulting.com\/en\/wp-json\/wp\/v2\/pages\/4007","targetHints":{"allow":["GET"]}}],"collection":[{"href":"https:\/\/catradeconsulting.com\/en\/wp-json\/wp\/v2\/pages"}],"about":[{"href":"https:\/\/catradeconsulting.com\/en\/wp-json\/wp\/v2\/types\/page"}],"author":[{"embeddable":true,"href":"https:\/\/catradeconsulting.com\/en\/wp-json\/wp\/v2\/users\/1"}],"replies":[{"embeddable":true,"href":"https:\/\/catradeconsulting.com\/en\/wp-json\/wp\/v2\/comments?post=4007"}],"version-history":[{"count":27,"href":"https:\/\/catradeconsulting.com\/en\/wp-json\/wp\/v2\/pages\/4007\/revisions"}],"predecessor-version":[{"id":6597,"href":"https:\/\/catradeconsulting.com\/en\/wp-json\/wp\/v2\/pages\/4007\/revisions\/6597"}],"wp:attachment":[{"href":"https:\/\/catradeconsulting.com\/en\/wp-json\/wp\/v2\/media?parent=4007"}],"curies":[{"name":"wp","href":"https:\/\/api.w.org\/{rel}","templated":true}]}}