{"id":5968,"date":"2022-05-31T10:48:09","date_gmt":"2022-05-31T16:48:09","guid":{"rendered":"https:\/\/catradeconsulting.com\/?page_id=5968"},"modified":"2022-10-11T07:53:49","modified_gmt":"2022-10-11T13:53:49","slug":"catrade-more","status":"publish","type":"page","link":"https:\/\/catradeconsulting.com\/en\/servicios-empresariales\/catrade-more\/","title":{"rendered":"CATRADE More"},"content":{"rendered":"\t\t<div data-elementor-type=\"wp-page\" data-elementor-id=\"5968\" class=\"elementor elementor-5968\">\n\t\t\t\t\t\t<section class=\"elementor-section elementor-top-section elementor-element elementor-element-a0e85da elementor-section-content-middle elementor-section-boxed elementor-section-height-default elementor-section-height-default\" data-id=\"a0e85da\" data-element_type=\"section\" data-e-type=\"section\">\n\t\t\t\t\t\t<div class=\"elementor-container elementor-column-gap-default\">\n\t\t\t\t\t<div class=\"elementor-column elementor-col-50 elementor-top-column elementor-element elementor-element-8be9078\" data-id=\"8be9078\" data-element_type=\"column\" data-e-type=\"column\">\n\t\t\t<div class=\"elementor-widget-wrap elementor-element-populated\">\n\t\t\t\t\t\t<div class=\"elementor-element elementor-element-f55b122 elementor-widget__width-auto elementor-absolute elementor-widget elementor-widget-react-image\" data-id=\"f55b122\" data-element_type=\"widget\" data-e-type=\"widget\" data-settings=\"{&quot;_position&quot;:&quot;absolute&quot;}\" data-widget_type=\"react-image.default\">\n\t\t\t\t<div class=\"elementor-widget-container\">\n\t\t\t\t\t        <div class=\"react-image no\">\n                            <img decoding=\"async\" class=\"react-multi-image  image-rotate image-scale\" src=\"https:\/\/reactheme.com\/products\/wordpress\/finanix\/wp-content\/uploads\/2022\/02\/square-1.png\" alt=\"image\"\/>\n                    <\/div>\n          \n    \t\t\t\t<\/div>\n\t\t\t\t<\/div>\n\t\t\t\t<div class=\"elementor-element elementor-element-ac4fe85 elementor-widget elementor-widget-image\" data-id=\"ac4fe85\" data-element_type=\"widget\" data-e-type=\"widget\" data-widget_type=\"image.default\">\n\t\t\t\t<div class=\"elementor-widget-container\">\n\t\t\t\t\t\t\t\t\t\t\t\t\t\t\t<img fetchpriority=\"high\" decoding=\"async\" width=\"623\" height=\"563\" src=\"https:\/\/catradeconsulting.com\/wp-content\/uploads\/2022\/05\/catrade-more.png\" class=\"attachment-large size-large wp-image-5972\" alt=\"\" srcset=\"https:\/\/catradeconsulting.com\/wp-content\/uploads\/2022\/05\/catrade-more.png 623w, https:\/\/catradeconsulting.com\/wp-content\/uploads\/2022\/05\/catrade-more-300x271.png 300w\" sizes=\"(max-width: 623px) 100vw, 623px\" \/>\t\t\t\t\t\t\t\t\t\t\t\t\t\t\t<\/div>\n\t\t\t\t<\/div>\n\t\t\t\t\t<\/div>\n\t\t<\/div>\n\t\t\t\t<div class=\"elementor-column elementor-col-50 elementor-top-column elementor-element elementor-element-bb422c7\" data-id=\"bb422c7\" data-element_type=\"column\" data-e-type=\"column\">\n\t\t\t<div class=\"elementor-widget-wrap elementor-element-populated\">\n\t\t\t\t\t\t<div class=\"elementor-element elementor-element-077ea76 elementor-widget elementor-widget-react-heading\" data-id=\"077ea76\" data-element_type=\"widget\" data-e-type=\"widget\" data-widget_type=\"react-heading.default\">\n\t\t\t\t<div class=\"elementor-widget-container\">\n\t\t\t\t\t        <div class=\"react-heading style9\">\r\n        \t<div class=\"title-inner\">        \t\t      \t\t\r\n\t            <span class=\"sub-text \">CATRADE MoRE<\/span><h2 class=\"title\"><span class=\"watermark\"><\/span>Monitoreo <span>de<\/span><br>regulaciones<\/h2><div class=\"title-img bottom-img\"><img decoding=\"async\" src=\"https:\/\/reactheme.com\/products\/wordpress\/finanix\/wp-content\/uploads\/2022\/02\/line-1.svg\" alt=\"title-image\" \/><\/div>\t        <\/div>\r\n\t                    \t<div class=\"description\">\r\n            \t\t<p>Estar informado sobre nuevas regulaciones no arancelarias y reformas a las vigentes, le evitar\u00e1 imprevistos y costos innecesarios<\/p>            \t\t\r\n            \t<\/div>\r\n        \t        <\/div>\r\n        \t\t\t\t<\/div>\n\t\t\t\t<\/div>\n\t\t\t\t\t<\/div>\n\t\t<\/div>\n\t\t\t\t\t<\/div>\n\t\t<\/section>\n\t\t\t\t<section class=\"elementor-section elementor-top-section elementor-element elementor-element-43acef0 elementor-section-boxed elementor-section-height-default elementor-section-height-default\" data-id=\"43acef0\" data-element_type=\"section\" data-e-type=\"section\">\n\t\t\t\t\t\t<div class=\"elementor-container elementor-column-gap-default\">\n\t\t\t\t\t<div class=\"elementor-column elementor-col-100 elementor-top-column elementor-element elementor-element-0ab4673\" data-id=\"0ab4673\" data-element_type=\"column\" data-e-type=\"column\">\n\t\t\t<div class=\"elementor-widget-wrap elementor-element-populated\">\n\t\t\t\t\t\t<section class=\"elementor-section elementor-inner-section elementor-element elementor-element-f30a3cd elementor-section-boxed elementor-section-height-default elementor-section-height-default\" data-id=\"f30a3cd\" data-element_type=\"section\" data-e-type=\"section\" data-settings=\"{&quot;background_background&quot;:&quot;classic&quot;}\">\n\t\t\t\t\t\t<div class=\"elementor-container elementor-column-gap-default\">\n\t\t\t\t\t<div class=\"elementor-column elementor-col-100 elementor-inner-column elementor-element elementor-element-e36ebfd\" data-id=\"e36ebfd\" data-element_type=\"column\" data-e-type=\"column\">\n\t\t\t<div class=\"elementor-widget-wrap elementor-element-populated\">\n\t\t\t\t\t\t<div class=\"elementor-element elementor-element-996ccbe elementor-widget elementor-widget-image\" data-id=\"996ccbe\" data-element_type=\"widget\" data-e-type=\"widget\" data-widget_type=\"image.default\">\n\t\t\t\t<div class=\"elementor-widget-container\">\n\t\t\t\t\t\t\t\t\t\t\t\t\t\t\t<img decoding=\"async\" width=\"80\" height=\"62\" src=\"https:\/\/catradeconsulting.com\/wp-content\/uploads\/2022\/03\/quote-sm.png\" class=\"attachment-large size-large wp-image-3029\" alt=\"\" \/>\t\t\t\t\t\t\t\t\t\t\t\t\t\t\t<\/div>\n\t\t\t\t<\/div>\n\t\t\t\t<div class=\"elementor-element elementor-element-ace08ae elementor-widget elementor-widget-testimonial\" data-id=\"ace08ae\" data-element_type=\"widget\" data-e-type=\"widget\" data-widget_type=\"testimonial.default\">\n\t\t\t\t<div class=\"elementor-widget-container\">\n\t\t\t\t\t\t\t<div class=\"elementor-testimonial-wrapper\">\n\t\t\t\t\t\t\t<div class=\"elementor-testimonial-content\">\u201cSus efectos [de las medidas no arancelarias] en el comercio no dependen solamente de las medidas en s\u00ed mismas, sino tambi\u00e9n de la forma en que se aplican. Comprender, evaluar y comparar esos efectos es indispensable para adoptar una estrategia adecuada.\u201d<\/div>\n\t\t\t\n\t\t\t\t\t\t<div class=\"elementor-testimonial-meta elementor-has-image elementor-testimonial-image-position-aside\">\n\t\t\t\t<div class=\"elementor-testimonial-meta-inner\">\n\t\t\t\t\t\t\t\t\t\t\t<div class=\"elementor-testimonial-image\">\n\t\t\t\t\t\t\t<img decoding=\"async\" width=\"171\" height=\"154\" src=\"https:\/\/catradeconsulting.com\/wp-content\/uploads\/2022\/05\/omc.png\" class=\"attachment-full size-full wp-image-5977\" alt=\"\" \/>\t\t\t\t\t\t<\/div>\n\t\t\t\t\t\n\t\t\t\t\t\t\t\t\t\t<div class=\"elementor-testimonial-details\">\n\t\t\t\t\t\t\t\t\t\t\t\t\t\t<div class=\"elementor-testimonial-name\">Organizaci\u00f3n Mundial del Comercio, 2012<\/div>\n\t\t\t\t\t\t\t\t\t\t\t\t\t\t\t\t\t\t\t<\/div>\n\t\t\t\t\t\t\t\t\t<\/div>\n\t\t\t<\/div>\n\t\t\t\t\t<\/div>\n\t\t\t\t\t\t<\/div>\n\t\t\t\t<\/div>\n\t\t\t\t\t<\/div>\n\t\t<\/div>\n\t\t\t\t\t<\/div>\n\t\t<\/section>\n\t\t\t\t\t<\/div>\n\t\t<\/div>\n\t\t\t\t\t<\/div>\n\t\t<\/section>\n\t\t\t\t<section class=\"elementor-section elementor-top-section elementor-element elementor-element-5556536 elementor-section-boxed elementor-section-height-default elementor-section-height-default\" data-id=\"5556536\" data-element_type=\"section\" data-e-type=\"section\">\n\t\t\t\t\t\t<div class=\"elementor-container elementor-column-gap-default\">\n\t\t\t\t\t<div class=\"elementor-column elementor-col-100 elementor-top-column elementor-element elementor-element-5078fe1\" data-id=\"5078fe1\" data-element_type=\"column\" data-e-type=\"column\">\n\t\t\t<div class=\"elementor-widget-wrap elementor-element-populated\">\n\t\t\t\t\t\t<div class=\"elementor-element elementor-element-74a91fc elementor-widget elementor-widget-text-editor\" data-id=\"74a91fc\" data-element_type=\"widget\" data-e-type=\"widget\" data-widget_type=\"text-editor.default\">\n\t\t\t\t<div class=\"elementor-widget-container\">\n\t\t\t\t\t\t\t\t\t<p>El conocimiento de las regulaciones aplicadas por un pa\u00eds, as\u00ed como sus modificaciones es un paso fundamental para que su empresa pueda ingresar exitosamente un producto y mantenerse en determinado mercado.<span class=\"Apple-converted-space\">\u00a0<\/span><\/p><p>Dichas regulaciones se traducen en reglamentaci\u00f3n t\u00e9cnica, normas, procedimientos de evaluaci\u00f3n, as\u00ed como medidas sanitarias y fitosanitarias, tambi\u00e9n conocidas como medidas no arancelarias que son exigidas a los productos en determinada regi\u00f3n o pa\u00eds.<\/p><p>En respuesta a ello, hemos dise\u00f1ado CATRADE MoRE (Monitoreo de Regulaciones).<\/p>\t\t\t\t\t\t\t\t<\/div>\n\t\t\t\t<\/div>\n\t\t\t\t\t<\/div>\n\t\t<\/div>\n\t\t\t\t\t<\/div>\n\t\t<\/section>\n\t\t\t\t<section class=\"elementor-section elementor-top-section elementor-element elementor-element-225cc98 elementor-section-full_width elementor-section-height-min-height elementor-section-stretched elementor-section-height-default elementor-section-items-middle\" data-id=\"225cc98\" data-element_type=\"section\" data-e-type=\"section\" data-settings=\"{&quot;stretch_section&quot;:&quot;section-stretched&quot;,&quot;background_background&quot;:&quot;classic&quot;}\">\n\t\t\t\t\t\t<div class=\"elementor-container elementor-column-gap-default\">\n\t\t\t\t\t<div class=\"elementor-column elementor-col-100 elementor-top-column elementor-element elementor-element-2164301\" data-id=\"2164301\" data-element_type=\"column\" data-e-type=\"column\">\n\t\t\t<div class=\"elementor-widget-wrap\">\n\t\t\t\t\t\t\t<\/div>\n\t\t<\/div>\n\t\t\t\t\t<\/div>\n\t\t<\/section>\n\t\t\t\t<section class=\"elementor-section elementor-top-section elementor-element elementor-element-b435786 elementor-section-boxed elementor-section-height-default elementor-section-height-default\" data-id=\"b435786\" data-element_type=\"section\" data-e-type=\"section\">\n\t\t\t\t\t\t<div class=\"elementor-container elementor-column-gap-default\">\n\t\t\t\t\t<div class=\"elementor-column elementor-col-100 elementor-top-column elementor-element elementor-element-1baa7f9\" data-id=\"1baa7f9\" data-element_type=\"column\" data-e-type=\"column\">\n\t\t\t<div class=\"elementor-widget-wrap elementor-element-populated\">\n\t\t\t\t\t\t<div class=\"elementor-element elementor-element-79e562e bull elementor-widget elementor-widget-react-heading\" data-id=\"79e562e\" data-element_type=\"widget\" data-e-type=\"widget\" data-widget_type=\"react-heading.default\">\n\t\t\t\t<div class=\"elementor-widget-container\">\n\t\t\t\t\t        <div class=\"react-heading style6\">\r\n        \t<div class=\"title-inner\">        \t\t      \t\t\r\n\t            <span class=\"sub-text\">CATRADE MoRE<\/span><h2 class=\"title\"><span class=\"watermark\"><\/span>Le  ofrece<\/h2>\t        <\/div>\r\n\t                    \t<div class=\"description\">\r\n            \t\t<ul><li>Identificaci\u00f3n de los reglamentos t\u00e9cnicos y requisitos conexos que debe cumplir su producto para poder ingresar o ser comercializado en determinado mercado.<span class=\"Apple-converted-space\">\u00a0<\/span><\/li><li>Determinaci\u00f3n de la existencia de medidas sanitarias o fitosanitarias aplicables a su producto.<span class=\"Apple-converted-space\">\u00a0<\/span><\/li><li>Determinaci\u00f3n de los mecanismos para demostrar que el producto cumple con los requisitos exigidos.<span class=\"Apple-converted-space\">\u00a0<\/span><\/li><li>Monitoreo peri\u00f3dico de las regulaciones y medidas identificadas.<span class=\"Apple-converted-space\">\u00a0<\/span><\/li><\/ul>            \t\t\r\n            \t<\/div>\r\n        \t        <\/div>\r\n        \t\t\t\t<\/div>\n\t\t\t\t<\/div>\n\t\t\t\t\t<\/div>\n\t\t<\/div>\n\t\t\t\t\t<\/div>\n\t\t<\/section>\n\t\t\t\t<section class=\"elementor-section elementor-top-section elementor-element elementor-element-aead884 elementor-section-boxed elementor-section-height-default elementor-section-height-default\" data-id=\"aead884\" data-element_type=\"section\" data-e-type=\"section\">\n\t\t\t\t\t\t<div class=\"elementor-container elementor-column-gap-default\">\n\t\t\t\t\t<div class=\"elementor-column elementor-col-100 elementor-top-column elementor-element elementor-element-09335e8\" data-id=\"09335e8\" data-element_type=\"column\" data-e-type=\"column\">\n\t\t\t<div class=\"elementor-widget-wrap elementor-element-populated\">\n\t\t\t\t\t\t<div class=\"elementor-element elementor-element-fcbd6f3 bull elementor-widget elementor-widget-react-heading\" data-id=\"fcbd6f3\" data-element_type=\"widget\" data-e-type=\"widget\" data-widget_type=\"react-heading.default\">\n\t\t\t\t<div class=\"elementor-widget-container\">\n\t\t\t\t\t        <div class=\"react-heading style6\">\r\n        \t<div class=\"title-inner\">        \t\t      \t\t\r\n\t            <span class=\"sub-text\">Con CATRADE MoRE<\/span><h2 class=\"title\"><span class=\"watermark\"><\/span>Podr\u00e1<\/h2>\t        <\/div>\r\n\t                    \t<div class=\"description\">\r\n            \t\t<ul><li>Conocer las regulaciones del mercado de inter\u00e9s, as\u00ed como sus posteriores modificaciones.<span class=\"Apple-converted-space\">\u00a0<\/span><\/li><li>Comercializar su producto con mayor certeza.<span class=\"Apple-converted-space\">\u00a0<\/span><\/li><li>Facilitar el proceso de exportaci\u00f3n de las mercanc\u00edas.<span class=\"Apple-converted-space\">\u00a0<\/span><\/li><li>Tener conocimiento previo de los nuevos mercados de inter\u00e9s.<span class=\"Apple-converted-space\">\u00a0<\/span><\/li><li>Contar con asesor\u00eda profesional en materia de medidas no arancelarias.<span class=\"Apple-converted-space\">\u00a0<\/span><\/li><li>En general, contribuir a mejorar sus oportunidades de negocio en los mercados de su inter\u00e9s.<span class=\"Apple-converted-space\">\u00a0<\/span><\/li><\/ul>            \t\t\r\n            \t<\/div>\r\n        \t        <\/div>\r\n        \t\t\t\t<\/div>\n\t\t\t\t<\/div>\n\t\t\t\t\t<\/div>\n\t\t<\/div>\n\t\t\t\t\t<\/div>\n\t\t<\/section>\n\t\t\t\t<section class=\"elementor-section elementor-top-section elementor-element elementor-element-382445f elementor-section-content-middle elementor-section-boxed elementor-section-height-default elementor-section-height-default\" data-id=\"382445f\" data-element_type=\"section\" data-e-type=\"section\" data-settings=\"{&quot;background_background&quot;:&quot;classic&quot;}\">\n\t\t\t\t\t\t<div class=\"elementor-container elementor-column-gap-default\">\n\t\t\t\t\t<div class=\"elementor-column elementor-col-50 elementor-top-column elementor-element elementor-element-2090d79\" data-id=\"2090d79\" data-element_type=\"column\" data-e-type=\"column\">\n\t\t\t<div class=\"elementor-widget-wrap elementor-element-populated\">\n\t\t\t\t\t\t<div class=\"elementor-element elementor-element-8423ef3 elementor-widget elementor-widget-heading\" data-id=\"8423ef3\" data-element_type=\"widget\" data-e-type=\"widget\" data-widget_type=\"heading.default\">\n\t\t\t\t<div class=\"elementor-widget-container\">\n\t\t\t\t\t<h4 class=\"elementor-heading-title elementor-size-default\">Vamos a conversar y ententeder como mejorar sus negocios\n\t\t\t\t\t\t\t<\/h4>\t\t\t\t<\/div>\n\t\t\t\t<\/div>\n\t\t\t\t\t<\/div>\n\t\t<\/div>\n\t\t\t\t<div class=\"elementor-column elementor-col-50 elementor-top-column elementor-element elementor-element-f7c883c\" data-id=\"f7c883c\" data-element_type=\"column\" data-e-type=\"column\">\n\t\t\t<div class=\"elementor-widget-wrap elementor-element-populated\">\n\t\t\t\t\t\t<div class=\"elementor-element elementor-element-1200c2d elementor-align-right elementor-mobile-align-center elementor-widget elementor-widget-button\" data-id=\"1200c2d\" data-element_type=\"widget\" data-e-type=\"widget\" data-widget_type=\"button.default\">\n\t\t\t\t<div class=\"elementor-widget-container\">\n\t\t\t\t\t\t\t\t\t<div class=\"elementor-button-wrapper\">\n\t\t\t\t\t<a class=\"elementor-button elementor-button-link elementor-size-sm\" href=\"https:\/\/catradeconsulting.com\/contactenos-costa-rica\/\">\n\t\t\t\t\t\t<span class=\"elementor-button-content-wrapper\">\n\t\t\t\t\t\t\t\t\t<span class=\"elementor-button-text\">Hablemos de su proyecto<\/span>\n\t\t\t\t\t<\/span>\n\t\t\t\t\t<\/a>\n\t\t\t\t<\/div>\n\t\t\t\t\t\t\t\t<\/div>\n\t\t\t\t<\/div>\n\t\t\t\t\t<\/div>\n\t\t<\/div>\n\t\t\t\t\t<\/div>\n\t\t<\/section>\n\t\t\t\t<\/div>\n\t\t","protected":false},"excerpt":{"rendered":"<p>CATRADE MoRE Monitoreo deregulaciones Estar informado sobre nuevas regulaciones no arancelarias y reformas a las vigentes, le evitar\u00e1 imprevistos y costos innecesarios \u201cSus efectos [de las medidas no arancelarias] en el comercio no dependen solamente de las medidas en s\u00ed mismas, sino tambi\u00e9n de la forma en que se aplican. Comprender, evaluar y comparar esos&#8230;<\/p>\n","protected":false},"author":1,"featured_media":5938,"parent":1889,"menu_order":0,"comment_status":"closed","ping_status":"open","template":"","meta":{"footnotes":""},"class_list":["post-5968","page","type-page","status-publish","has-post-thumbnail","hentry"],"aioseo_notices":[],"_links":{"self":[{"href":"https:\/\/catradeconsulting.com\/en\/wp-json\/wp\/v2\/pages\/5968","targetHints":{"allow":["GET"]}}],"collection":[{"href":"https:\/\/catradeconsulting.com\/en\/wp-json\/wp\/v2\/pages"}],"about":[{"href":"https:\/\/catradeconsulting.com\/en\/wp-json\/wp\/v2\/types\/page"}],"author":[{"embeddable":true,"href":"https:\/\/catradeconsulting.com\/en\/wp-json\/wp\/v2\/users\/1"}],"replies":[{"embeddable":true,"href":"https:\/\/catradeconsulting.com\/en\/wp-json\/wp\/v2\/comments?post=5968"}],"version-history":[{"count":23,"href":"https:\/\/catradeconsulting.com\/en\/wp-json\/wp\/v2\/pages\/5968\/revisions"}],"predecessor-version":[{"id":6917,"href":"https:\/\/catradeconsulting.com\/en\/wp-json\/wp\/v2\/pages\/5968\/revisions\/6917"}],"up":[{"embeddable":true,"href":"https:\/\/catradeconsulting.com\/en\/wp-json\/wp\/v2\/pages\/1889"}],"wp:featuredmedia":[{"embeddable":true,"href":"https:\/\/catradeconsulting.com\/en\/wp-json\/wp\/v2\/media\/5938"}],"wp:attachment":[{"href":"https:\/\/catradeconsulting.com\/en\/wp-json\/wp\/v2\/media?parent=5968"}],"curies":[{"name":"wp","href":"https:\/\/api.w.org\/{rel}","templated":true}]}}