{"id":6454,"date":"2022-07-17T19:00:16","date_gmt":"2022-07-18T01:00:16","guid":{"rendered":"https:\/\/catradeconsulting.com\/?page_id=6454"},"modified":"2022-07-17T19:04:41","modified_gmt":"2022-07-18T01:04:41","slug":"facilitacion-en-tiempos-de-crisis","status":"publish","type":"page","link":"https:\/\/catradeconsulting.com\/en\/facilitacion-en-tiempos-de-crisis\/","title":{"rendered":"Facilitation in times of crisis"},"content":{"rendered":"<div data-elementor-type=\"wp-page\" data-elementor-id=\"6454\" class=\"elementor elementor-6454\">\n\t\t\t\t\t\t<section class=\"elementor-section elementor-top-section elementor-element elementor-element-5792efdf elementor-section-boxed elementor-section-height-default elementor-section-height-default\" data-id=\"5792efdf\" data-element_type=\"section\" data-e-type=\"section\">\n\t\t\t\t\t\t<div class=\"elementor-container elementor-column-gap-default\">\n\t\t\t\t\t<div class=\"elementor-column elementor-col-100 elementor-top-column elementor-element elementor-element-19ef0647\" data-id=\"19ef0647\" data-element_type=\"column\" data-e-type=\"column\">\n\t\t\t<div class=\"elementor-widget-wrap elementor-element-populated\">\n\t\t\t\t\t\t<div class=\"elementor-element elementor-element-50ffc6b6 elementor-widget elementor-widget-text-editor\" data-id=\"50ffc6b6\" data-element_type=\"widget\" data-e-type=\"widget\" data-widget_type=\"text-editor.default\">\n\t\t\t\t<div class=\"elementor-widget-container\">\n\t\t\t\t\t\t\t\t\t\n<h4 class=\"wp-block-heading\">By Viviana Santamar\u00eda and Juan Luis Z\u00fa\u00f1iga<\/h4>\n\t\t\t\t\t\t\t\t<\/div>\n\t\t\t\t<\/div>\n\t\t\t\t\t<\/div>\n\t\t<\/div>\n\t\t\t\t\t<\/div>\n\t\t<\/section>\n\t\t\t\t<section class=\"elementor-section elementor-top-section elementor-element elementor-element-50dea76 elementor-section-boxed elementor-section-height-default elementor-section-height-default\" data-id=\"50dea76\" data-element_type=\"section\" data-e-type=\"section\">\n\t\t\t\t\t\t<div class=\"elementor-container elementor-column-gap-default\">\n\t\t\t\t\t<div class=\"elementor-column elementor-col-100 elementor-top-column elementor-element elementor-element-7477a3f\" data-id=\"7477a3f\" data-element_type=\"column\" data-e-type=\"column\">\n\t\t\t<div class=\"elementor-widget-wrap elementor-element-populated\">\n\t\t\t\t\t\t<div class=\"elementor-element elementor-element-d3823a0 elementor-widget elementor-widget-text-editor\" data-id=\"d3823a0\" data-element_type=\"widget\" data-e-type=\"widget\" data-widget_type=\"text-editor.default\">\n\t\t\t\t<div class=\"elementor-widget-container\">\n\t\t\t\t\t\t\t\t\t<p>What does a day&#039;s delay at a border or in a trade operator mean?<br \/>port? Who pays the consequences of these delays? Why in the midst of<br \/>In the digital age, some countries insist on excessive paperwork and procedures to authorize a<br \/>international trade transaction? Are trade facilitation policies valuable?<br \/>What should happen to these policies in times of crisis, such as the one experienced with the Covid-19 pandemic?<\/p>\n<p><a href=\"https:\/\/dspace.ulead.ac.cr\/repositorio\/bitstream\/handle\/123456789\/108\/%e2%96%ba%e2%96%ba%20DOWNLOAD%20\/%20DESCARGAR%20%e2%97%84%e2%97%84?sequence=1&amp;isAllowed=y\">Read full article&gt;&gt;<\/a><\/p>\n<p>\u00a0<\/p>\t\t\t\t\t\t\t\t<\/div>\n\t\t\t\t<\/div>\n\t\t\t\t\t<\/div>\n\t\t<\/div>\n\t\t\t\t\t<\/div>\n\t\t<\/section>\n\t\t\t\t<\/div>","protected":false},"excerpt":{"rendered":"<p>By Viviana Santamar\u00eda and Juan Luis Z\u00fa\u00f1iga What does a day&#039;s delay at a border or port mean for a trader? Who bears the consequences of these delays? Why, in the midst of the digital age, do some countries insist on excessive paperwork and red tape to authorize an international trade transaction? Do they have any value\u2026<\/p>","protected":false},"author":2,"featured_media":6457,"parent":0,"menu_order":0,"comment_status":"closed","ping_status":"closed","template":"","meta":{"footnotes":""},"class_list":["post-6454","page","type-page","status-publish","has-post-thumbnail","hentry"],"aioseo_notices":[],"_links":{"self":[{"href":"https:\/\/catradeconsulting.com\/en\/wp-json\/wp\/v2\/pages\/6454","targetHints":{"allow":["GET"]}}],"collection":[{"href":"https:\/\/catradeconsulting.com\/en\/wp-json\/wp\/v2\/pages"}],"about":[{"href":"https:\/\/catradeconsulting.com\/en\/wp-json\/wp\/v2\/types\/page"}],"author":[{"embeddable":true,"href":"https:\/\/catradeconsulting.com\/en\/wp-json\/wp\/v2\/users\/2"}],"replies":[{"embeddable":true,"href":"https:\/\/catradeconsulting.com\/en\/wp-json\/wp\/v2\/comments?post=6454"}],"version-history":[{"count":8,"href":"https:\/\/catradeconsulting.com\/en\/wp-json\/wp\/v2\/pages\/6454\/revisions"}],"predecessor-version":[{"id":6465,"href":"https:\/\/catradeconsulting.com\/en\/wp-json\/wp\/v2\/pages\/6454\/revisions\/6465"}],"wp:featuredmedia":[{"embeddable":true,"href":"https:\/\/catradeconsulting.com\/en\/wp-json\/wp\/v2\/media\/6457"}],"wp:attachment":[{"href":"https:\/\/catradeconsulting.com\/en\/wp-json\/wp\/v2\/media?parent=6454"}],"curies":[{"name":"wp","href":"https:\/\/api.w.org\/{rel}","templated":true}]}}